{"id":16558,"date":"2023-04-04T19:50:24","date_gmt":"2023-04-04T19:50:24","guid":{"rendered":"https:\/\/fr.alertenterprise.com\/?page_id=16558"},"modified":"2024-07-09T20:05:09","modified_gmt":"2024-07-09T20:05:09","slug":"sap-utilities","status":"publish","type":"page","link":"https:\/\/fr.alertenterprise.com\/fr\/sap-utilities\/","title":{"rendered":"SAP pour les services publics"},"content":{"rendered":"<div data-elementor-type=\"wp-page\" data-elementor-id=\"16558\" class=\"elementor elementor-16558\" data-elementor-post-type=\"page\">\n\t\t\t\t<div data-particle_enable=\"false\" data-particle-mobile-disabled=\"false\" class=\"elementor-element elementor-element-6096e8da e-flex e-con-boxed e-con e-parent\" data-id=\"6096e8da\" data-element_type=\"container\" data-e-type=\"container\">\n\t\t\t\t\t<div class=\"e-con-inner\">\n\t\t\t\t<div class=\"elementor-element elementor-element-67cc6be4 elementor-widget elementor-widget-text-editor\" data-id=\"67cc6be4\" data-element_type=\"widget\" data-e-type=\"widget\" data-widget_type=\"text-editor.default\">\n\t\t\t\t<div class=\"elementor-widget-container\">\n\t\t\t\t\t\t\t\t\t<h1>Rencontrez-nous \u00e0 la conf\u00e9rence internationale SAP pour les services publics<\/h1><p>Exploitez tout le potentiel de l'IA et de la s\u00e9curit\u00e9 cyberphysique<\/p><p><img fetchpriority=\"high\" decoding=\"async\" src=\"https:\/\/alertenterprise.com\/wp-content\/uploads\/2023\/04\/badges.png\" alt=\"\" width=\"796\" height=\"101\" \/><br \/><a href=\"#down-anchor\"><br \/><\/a><\/p><h2>Enregistrez la date.<\/h2><h3>Informations sur l'\u00e9v\u00e9nement<\/h3><p>Date : du 18 au 20 avril<br \/>Lieu : Basel, Suisse<\/p><p><a href=\"https:\/\/tacinsights.eventsair.com\/international-sap-conference-for-utilities\/tickets-and-special-offers\" target=\"_blank\" rel=\"noopener\"><br \/>S'inscrire maintenant<br \/><\/a><br \/>Rencontrez Alert Enterprise lors de la conf\u00e9rence internationale SAP pour les services publics 2023, l'\u00e9v\u00e9nement de l'ann\u00e9e sp\u00e9cialement con\u00e7u pour la communaut\u00e9 internationale des services publics.<\/p><p>Rejoignez-nous pour avoir un avant-go\u00fbt des derni\u00e8res avanc\u00e9es en mati\u00e8re de s\u00e9curit\u00e9, y compris la toute premi\u00e8re int\u00e9gration de la gestion des identit\u00e9s et des acc\u00e8s physiques (PIAM) avec Open AI ChatGPT !<\/p><p><a href=\"https:\/\/fr.alertenterprise.com\/fr\/industry-solutions\/\"><br \/>Rencontrons-nous<br \/><\/a><\/p><p>.cls-1 { fill : none ; } .cls-2 { clip-path : url(#clip-path) ; } .cls-3 { fill : #fb3119 ; }<\/p><h2>En parlant d'innovation...<\/h2><p><img decoding=\"async\" src=\"https:\/\/alertenterprise.com\/wp-content\/uploads\/2023\/04\/Group-24358.png\" alt=\"\" width=\"649\" height=\"649\" \/><\/p><p>Prenez rendez-vous avec le seul et unique Shane Butler, vice-pr\u00e9sident des ventes en Europe, pour une discussion en t\u00eate-\u00e0-t\u00eate sur la convergence de la s\u00e9curit\u00e9 cyberphysique et sur la fa\u00e7on dont la derni\u00e8re technologie d'IA s'y int\u00e8gre.<\/p><p><a href=\"https:\/\/calendly.com\/shane-butler1\/30min?lid=5uzhi7bqfz59&amp;utm_medium=email&amp;utm_source=braze&amp;utm_campaign=sales_marketing_onboarding_test&amp;utm_content=welcome_booking_page_text&amp;back=1&amp;month=2023-04\" target=\"_blank\" rel=\"noopener\"><br \/>Prendre rendez-vous<br \/><\/a><\/p><h2>RH : faire travailler, travailler plus intelligemment<\/h2><p>Permettez un acc\u00e8s fluide et s\u00e9curis\u00e9 \u00e0 l'environnement de travail, de l'embauche jusqu'\u00e0 la cessation d'emploi. Ensuite, cr\u00e9ez une transition transparente entre les espaces de travail num\u00e9riques et physiques pour s'adapter au nouveau monde du travail hybride. La solution ? L'int\u00e9gration de Guardian d'Alert Enterprise \u00e0 SAP SuccessFactors. Bonus : le tout sans codage.<\/p><p><a href=\"https:\/\/fr.alertenterprise.com\/fr\/videos\/?playlist=2f1d7ff&amp;video=1627479\" target=\"_blank\" rel=\"noopener\"><br \/>Voir la solution en action<br \/><\/a><br \/><img decoding=\"async\" src=\"https:\/\/alertenterprise.com\/wp-content\/uploads\/2023\/03\/Group-24345-2.png\" alt=\"\" width=\"376\" height=\"493\" \/><\/p><h2>Voici ce qui vous attend :<\/h2><p><strong>Renforcez votre s\u00e9curit\u00e9 avec une simple question <\/strong><\/p><p>D\u00e9couvrez notre tout premier chatbot Guardian AI optimis\u00e9 par OpenAI ChatGPT, con\u00e7u pour fournir instantan\u00e9ment aux op\u00e9rateurs de s\u00e9curit\u00e9 des services publics les informations sur l'acc\u00e8s physique et la s\u00e9curit\u00e9 qui comptent le plus gr\u00e2ce \u00e0 des questions et des invitations rapides.<\/p><p><strong>Votre t\u00e9l\u00e9phone mobile est d\u00e9sormais votre badge d'employ\u00e9<\/strong><\/p><p>Les identifiants mobiles ont boulevers\u00e9 le secteur du contr\u00f4le d'acc\u00e8s traditionnel et nous sommes ravis d'\u00eatre \u00e0 l'avant-garde de ce changement majeur. D\u00e9couvrez la plateforme d'acc\u00e8s aux identifiants mobiles d'Alert Enterprise. Le personnel des services publics peut passer en toute s\u00e9curit\u00e9 par les entr\u00e9es des b\u00e2timents en apposant simplement leur smartphone sur des lecteurs multi-technologies WaveLynx. La bonne nouvelle ? La plateforme s'int\u00e8gre au logiciel Guardian d'Alert pour une exp\u00e9rience transparente et s\u00e9curis\u00e9e, tout en vous faisant gagner du temps et de l'argent. L'avenir est l\u00e0 et il s'annonce mobile et s\u00e9curis\u00e9.<strong>Protection contre les menaces internes : nouvelle suite Guardian SOC Insights<\/strong><\/p><p>Nous vous pr\u00e9senterons notre nouveau tableau de bord de r\u00e9ponse aux incidents SOC optimis\u00e9 par l'IA pour la s\u00e9curit\u00e9 physique. Le module SOC Insights est sp\u00e9cialement con\u00e7u pour fournir des informations et des guides de proc\u00e9dures de donn\u00e9es exploitables aux dirigeants des services publics et aux \u00e9quipes SOC, leur permettant de r\u00e9pondre rapidement et avec pr\u00e9cision aux risques de s\u00e9curit\u00e9.<\/p><p><strong>Gestion des visiteurs : nouvel enregistrement mobile sans kiosque<\/strong><\/p><p>Dites adieu aux bornes d'enregistrement, aux feuilles de pr\u00e9sence et aux processus de saisie manuelle des donn\u00e9es : un nouvel outil de gestion des visiteurs compatible avec les appareils mobiles a fait son apparition. Gr\u00e2ce \u00e0 une solution transparente de gestion des visiteurs d'Alert Enterprise, les entreprises du secteur de l'eau et de l'\u00e9nergie peuvent d\u00e9sormais rationaliser le processus d'enregistrement et de v\u00e9rification des visiteurs \u00e0 l'aide d'un code QR et de leurs appareils mobiles. Il est temps d'ouvrir la porte \u00e0 une exp\u00e9rience plus simple, plus rapide, plus s\u00fbre et plus pr\u00e9cieuse pour les visiteurs comme pour les entreprises. Pr\u00eat(e) ?<\/p><h2>En attendant, voici ce que vous devez savoir<\/h2><p>D\u00e9couvrez comment la s\u00e9curit\u00e9 cyber-physique change le secteur des services publics et au-del\u00e0.<\/p><ul><li><p>Comment une grande entreprise de services publics est parvenue \u00e0 \u00e9liminer toute violation des r\u00e8gles de conformit\u00e9<\/p><\/li><li><p>Le gouvernement am\u00e9ricain prend des mesures en faveur de la convergence de la cybers\u00e9curit\u00e9 et de la s\u00e9curit\u00e9 physique<\/p><\/li><li><p>RH et s\u00e9curit\u00e9 : travailler ensemble pour gagner ensemble<\/p><\/li><li><p>Pourquoi la s\u00e9curit\u00e9 physique doit faire partie de votre \u00e9volution vers le HXM<\/p><\/li><li><p>RH et s\u00e9curit\u00e9 physique : le duo dont vous r\u00eavez, mais sans le savoir<\/p><\/li><\/ul><h2>En avant pour la transformation !<\/h2><p>Imaginez plut\u00f4t : bient\u00f4t, vous pourrez avoir entre les mains la derni\u00e8re technologie d'automatisation de la s\u00e9curit\u00e9. Pr\u00eat ?<\/p><p><a href=\"#hero-anchor\"><br \/><\/a><br \/><a href=\"https:\/\/fr.alertenterprise.com\/fr\/contact\/\"><br \/>Contact<br \/><\/a><\/p>\t\t\t\t\t\t\t\t<\/div>\n\t\t\t\t<\/div>\n\t\t\t\t\t<\/div>\n\t\t\t\t<\/div>\n\t\t\t\t<\/div>","protected":false},"excerpt":{"rendered":"<p>Rencontrez-nous \u00e0 la conf\u00e9rence internationale SAP pour les services publics Exploitez tout le potentiel de l'IA et de la s\u00e9curit\u00e9 cyberphysique Enregistrez la date. Informations sur l'\u00e9v\u00e9nement Date : du 18 au 20 avrilLieu : Basel, Suisse S'inscrire maintenantRencontrez Alert Enterprise lors de la conf\u00e9rence internationale SAP pour les services publics 2023, l'\u00e9v\u00e9nement de l'ann\u00e9e sp\u00e9cialement con\u00e7u pour [...]<\/p>","protected":false},"author":12,"featured_media":12206,"parent":0,"menu_order":0,"comment_status":"closed","ping_status":"closed","template":"","meta":{"_acf_changed":false,"footnotes":""},"class_list":["post-16558","page","type-page","status-publish","has-post-thumbnail","hentry"],"acf":[],"yoast_head":"<!-- This site is optimized with the Yoast SEO plugin v27.3 - https:\/\/yoast.com\/product\/yoast-seo-wordpress\/ -->\n<title>SAP for Utilities - Alert Enterprise-fr<\/title>\n<meta name=\"description\" content=\"Ne manquez pas l&#039;occasion de nous rencontrer et de d\u00e9couvrir nos offres de s\u00e9curit\u00e9 de pointe \u00e0 l&#039;International SAP Conference for Utilities.\" \/>\n<meta name=\"robots\" content=\"index, follow, max-snippet:-1, max-image-preview:large, max-video-preview:-1\" \/>\n<link rel=\"canonical\" href=\"https:\/\/fr.alertenterprise.com\/fr\/sap-utilities\/\" \/>\n<meta property=\"og:locale\" content=\"fr_FR\" \/>\n<meta property=\"og:type\" content=\"article\" \/>\n<meta property=\"og:title\" content=\"SAP for Utilities - Alert Enterprise-fr\" \/>\n<meta property=\"og:description\" content=\"Ne manquez pas l&#039;occasion de nous rencontrer et de d\u00e9couvrir nos offres de s\u00e9curit\u00e9 de pointe \u00e0 l&#039;International SAP Conference for Utilities.\" \/>\n<meta property=\"og:url\" content=\"https:\/\/fr.alertenterprise.com\/fr\/sap-utilities\/\" \/>\n<meta property=\"og:site_name\" content=\"Alert Enterprise-fr\" \/>\n<meta property=\"article:modified_time\" content=\"2024-07-09T20:05:09+00:00\" \/>\n<meta name=\"twitter:card\" content=\"summary_large_image\" \/>\n<meta name=\"twitter:label1\" content=\"Dur\u00e9e de lecture estim\u00e9e\" \/>\n\t<meta name=\"twitter:data1\" content=\"4 minutes\" \/>\n<script type=\"application\/ld+json\" class=\"yoast-schema-graph\">{\"@context\":\"https:\\\/\\\/schema.org\",\"@graph\":[{\"@type\":\"WebPage\",\"@id\":\"https:\\\/\\\/fr.alertenterprise.com\\\/fr\\\/sap-utilities\\\/\",\"url\":\"https:\\\/\\\/fr.alertenterprise.com\\\/fr\\\/sap-utilities\\\/\",\"name\":\"SAP for Utilities - Alert Enterprise-fr\",\"isPartOf\":{\"@id\":\"https:\\\/\\\/fr.alertenterprise.com\\\/fr\\\/#website\"},\"primaryImageOfPage\":{\"@id\":\"https:\\\/\\\/fr.alertenterprise.com\\\/fr\\\/sap-utilities\\\/#primaryimage\"},\"image\":{\"@id\":\"https:\\\/\\\/fr.alertenterprise.com\\\/fr\\\/sap-utilities\\\/#primaryimage\"},\"thumbnailUrl\":\"\",\"datePublished\":\"2023-04-04T19:50:24+00:00\",\"dateModified\":\"2024-07-09T20:05:09+00:00\",\"description\":\"Ne manquez pas l'occasion de nous rencontrer et de d\u00e9couvrir nos offres de s\u00e9curit\u00e9 de pointe \u00e0 l'International SAP Conference for Utilities.\",\"breadcrumb\":{\"@id\":\"https:\\\/\\\/fr.alertenterprise.com\\\/fr\\\/sap-utilities\\\/#breadcrumb\"},\"inLanguage\":\"fr-FR\",\"potentialAction\":[{\"@type\":\"ReadAction\",\"target\":[\"https:\\\/\\\/fr.alertenterprise.com\\\/fr\\\/sap-utilities\\\/\"]}]},{\"@type\":\"ImageObject\",\"inLanguage\":\"fr-FR\",\"@id\":\"https:\\\/\\\/fr.alertenterprise.com\\\/fr\\\/sap-utilities\\\/#primaryimage\",\"url\":\"\",\"contentUrl\":\"\"},{\"@type\":\"BreadcrumbList\",\"@id\":\"https:\\\/\\\/fr.alertenterprise.com\\\/fr\\\/sap-utilities\\\/#breadcrumb\",\"itemListElement\":[{\"@type\":\"ListItem\",\"position\":1,\"name\":\"Home\",\"item\":\"https:\\\/\\\/fr.alertenterprise.com\\\/fr\\\/\"},{\"@type\":\"ListItem\",\"position\":2,\"name\":\"SAP for Utilities\"}]},{\"@type\":\"WebSite\",\"@id\":\"https:\\\/\\\/fr.alertenterprise.com\\\/fr\\\/#website\",\"url\":\"https:\\\/\\\/fr.alertenterprise.com\\\/fr\\\/\",\"name\":\"Alert Enterprise - French\",\"description\":\"\",\"publisher\":{\"@id\":\"https:\\\/\\\/fr.alertenterprise.com\\\/fr\\\/#organization\"},\"potentialAction\":[{\"@type\":\"SearchAction\",\"target\":{\"@type\":\"EntryPoint\",\"urlTemplate\":\"https:\\\/\\\/fr.alertenterprise.com\\\/fr\\\/?s={search_term_string}\"},\"query-input\":{\"@type\":\"PropertyValueSpecification\",\"valueRequired\":true,\"valueName\":\"search_term_string\"}}],\"inLanguage\":\"fr-FR\"},{\"@type\":\"Organization\",\"@id\":\"https:\\\/\\\/fr.alertenterprise.com\\\/fr\\\/#organization\",\"name\":\"Alert Enterprise - French\",\"url\":\"https:\\\/\\\/fr.alertenterprise.com\\\/fr\\\/\",\"logo\":{\"@type\":\"ImageObject\",\"inLanguage\":\"fr-FR\",\"@id\":\"https:\\\/\\\/fr.alertenterprise.com\\\/fr\\\/#\\\/schema\\\/logo\\\/image\\\/\",\"url\":\"https:\\\/\\\/fr.alertenterprise.com\\\/wp-content\\\/uploads\\\/sites\\\/2\\\/2023\\\/09\\\/AE_Logo_Black.svg\",\"contentUrl\":\"https:\\\/\\\/fr.alertenterprise.com\\\/wp-content\\\/uploads\\\/sites\\\/2\\\/2023\\\/09\\\/AE_Logo_Black.svg\",\"width\":1,\"height\":1,\"caption\":\"Alert Enterprise - French\"},\"image\":{\"@id\":\"https:\\\/\\\/fr.alertenterprise.com\\\/fr\\\/#\\\/schema\\\/logo\\\/image\\\/\"}}]}<\/script>\n<!-- \/ Yoast SEO plugin. -->","yoast_head_json":{"title":"SAP for Utilities - Alert Enterprise-fr","description":"Ne manquez pas l'occasion de nous rencontrer et de d\u00e9couvrir nos offres de s\u00e9curit\u00e9 de pointe \u00e0 l'International SAP Conference for Utilities.","robots":{"index":"index","follow":"follow","max-snippet":"max-snippet:-1","max-image-preview":"max-image-preview:large","max-video-preview":"max-video-preview:-1"},"canonical":"https:\/\/fr.alertenterprise.com\/fr\/sap-utilities\/","og_locale":"fr_FR","og_type":"article","og_title":"SAP for Utilities - Alert Enterprise-fr","og_description":"Ne manquez pas l'occasion de nous rencontrer et de d\u00e9couvrir nos offres de s\u00e9curit\u00e9 de pointe \u00e0 l'International SAP Conference for Utilities.","og_url":"https:\/\/fr.alertenterprise.com\/fr\/sap-utilities\/","og_site_name":"Alert Enterprise-fr","article_modified_time":"2024-07-09T20:05:09+00:00","twitter_card":"summary_large_image","twitter_misc":{"Dur\u00e9e de lecture estim\u00e9e":"4 minutes"},"schema":{"@context":"https:\/\/schema.org","@graph":[{"@type":"WebPage","@id":"https:\/\/fr.alertenterprise.com\/fr\/sap-utilities\/","url":"https:\/\/fr.alertenterprise.com\/fr\/sap-utilities\/","name":"SAP for Utilities - Alert Enterprise-fr","isPartOf":{"@id":"https:\/\/fr.alertenterprise.com\/fr\/#website"},"primaryImageOfPage":{"@id":"https:\/\/fr.alertenterprise.com\/fr\/sap-utilities\/#primaryimage"},"image":{"@id":"https:\/\/fr.alertenterprise.com\/fr\/sap-utilities\/#primaryimage"},"thumbnailUrl":"","datePublished":"2023-04-04T19:50:24+00:00","dateModified":"2024-07-09T20:05:09+00:00","description":"Ne manquez pas l'occasion de nous rencontrer et de d\u00e9couvrir nos offres de s\u00e9curit\u00e9 de pointe \u00e0 l'International SAP Conference for Utilities.","breadcrumb":{"@id":"https:\/\/fr.alertenterprise.com\/fr\/sap-utilities\/#breadcrumb"},"inLanguage":"fr-FR","potentialAction":[{"@type":"ReadAction","target":["https:\/\/fr.alertenterprise.com\/fr\/sap-utilities\/"]}]},{"@type":"ImageObject","inLanguage":"fr-FR","@id":"https:\/\/fr.alertenterprise.com\/fr\/sap-utilities\/#primaryimage","url":"","contentUrl":""},{"@type":"BreadcrumbList","@id":"https:\/\/fr.alertenterprise.com\/fr\/sap-utilities\/#breadcrumb","itemListElement":[{"@type":"ListItem","position":1,"name":"Home","item":"https:\/\/fr.alertenterprise.com\/fr\/"},{"@type":"ListItem","position":2,"name":"SAP for Utilities"}]},{"@type":"WebSite","@id":"https:\/\/fr.alertenterprise.com\/fr\/#website","url":"https:\/\/fr.alertenterprise.com\/fr\/","name":"Alert Enterprise - Fran\u00e7ais","description":"","publisher":{"@id":"https:\/\/fr.alertenterprise.com\/fr\/#organization"},"potentialAction":[{"@type":"SearchAction","target":{"@type":"EntryPoint","urlTemplate":"https:\/\/fr.alertenterprise.com\/fr\/?s={search_term_string}"},"query-input":{"@type":"PropertyValueSpecification","valueRequired":true,"valueName":"search_term_string"}}],"inLanguage":"fr-FR"},{"@type":"Organization","@id":"https:\/\/fr.alertenterprise.com\/fr\/#organization","name":"Alert Enterprise - Fran\u00e7ais","url":"https:\/\/fr.alertenterprise.com\/fr\/","logo":{"@type":"ImageObject","inLanguage":"fr-FR","@id":"https:\/\/fr.alertenterprise.com\/fr\/#\/schema\/logo\/image\/","url":"https:\/\/fr.alertenterprise.com\/wp-content\/uploads\/sites\/2\/2023\/09\/AE_Logo_Black.svg","contentUrl":"https:\/\/fr.alertenterprise.com\/wp-content\/uploads\/sites\/2\/2023\/09\/AE_Logo_Black.svg","width":1,"height":1,"caption":"Alert Enterprise - French"},"image":{"@id":"https:\/\/fr.alertenterprise.com\/fr\/#\/schema\/logo\/image\/"}}]}},"_links":{"self":[{"href":"https:\/\/fr.alertenterprise.com\/fr\/wp-json\/wp\/v2\/pages\/16558","targetHints":{"allow":["GET"]}}],"collection":[{"href":"https:\/\/fr.alertenterprise.com\/fr\/wp-json\/wp\/v2\/pages"}],"about":[{"href":"https:\/\/fr.alertenterprise.com\/fr\/wp-json\/wp\/v2\/types\/page"}],"author":[{"embeddable":true,"href":"https:\/\/fr.alertenterprise.com\/fr\/wp-json\/wp\/v2\/users\/12"}],"replies":[{"embeddable":true,"href":"https:\/\/fr.alertenterprise.com\/fr\/wp-json\/wp\/v2\/comments?post=16558"}],"version-history":[{"count":5,"href":"https:\/\/fr.alertenterprise.com\/fr\/wp-json\/wp\/v2\/pages\/16558\/revisions"}],"predecessor-version":[{"id":25075,"href":"https:\/\/fr.alertenterprise.com\/fr\/wp-json\/wp\/v2\/pages\/16558\/revisions\/25075"}],"wp:featuredmedia":[{"embeddable":true,"href":"https:\/\/fr.alertenterprise.com\/fr\/wp-json\/"}],"wp:attachment":[{"href":"https:\/\/fr.alertenterprise.com\/fr\/wp-json\/wp\/v2\/media?parent=16558"}],"curies":[{"name":"wp","href":"https:\/\/api.w.org\/{rel}","templated":true}]}}