{"id":16876,"date":"2023-11-10T18:22:43","date_gmt":"2023-11-10T18:22:43","guid":{"rendered":"https:\/\/fr.alertenterprise.com\/?page_id=16876"},"modified":"2024-02-22T18:57:51","modified_gmt":"2024-02-22T18:57:51","slug":"hid","status":"publish","type":"page","link":"https:\/\/fr.alertenterprise.com\/fr\/partners\/hid\/","title":{"rendered":"HID"},"content":{"rendered":"<div data-elementor-type=\"wp-page\" data-elementor-id=\"16876\" class=\"elementor elementor-16876\" data-elementor-post-type=\"page\">\n\t\t\t\t<div data-particle_enable=\"false\" data-particle-mobile-disabled=\"false\" class=\"elementor-element elementor-element-183e7a86 e-grid e-con-boxed e-con e-parent\" data-id=\"183e7a86\" data-element_type=\"container\" data-e-type=\"container\" data-settings=\"{&quot;background_background&quot;:&quot;classic&quot;}\">\n\t\t\t\t\t<div class=\"e-con-inner\">\n\t\t<div data-particle_enable=\"false\" data-particle-mobile-disabled=\"false\" class=\"elementor-element elementor-element-24c4cabe e-flex e-con-boxed e-con e-child\" data-id=\"24c4cabe\" data-element_type=\"container\" data-e-type=\"container\" data-settings=\"{&quot;background_background&quot;:&quot;classic&quot;}\">\n\t\t\t\t\t<div class=\"e-con-inner\">\n\t\t\t\t\t<\/div>\n\t\t\t\t<\/div>\n\t\t<div data-particle_enable=\"false\" data-particle-mobile-disabled=\"false\" class=\"elementor-element elementor-element-4e0ca414 e-flex e-con-boxed e-con e-child\" data-id=\"4e0ca414\" data-element_type=\"container\" data-e-type=\"container\">\n\t\t\t\t\t<div class=\"e-con-inner\">\n\t\t\t\t<div class=\"elementor-element elementor-element-54be5d1b elementor-widget elementor-widget-heading\" data-id=\"54be5d1b\" data-element_type=\"widget\" data-e-type=\"widget\" data-widget_type=\"heading.default\">\n\t\t\t\t<div class=\"elementor-widget-container\">\n\t\t\t\t\t<h2 class=\"elementor-heading-title elementor-size-default\">Votre iPhone rencontre l'innovation en mati\u00e8re d'acc\u00e8s.<\/h2>\t\t\t\t<\/div>\n\t\t\t\t<\/div>\n\t\t\t\t<div class=\"elementor-element elementor-element-2f2bcd7f elementor-widget elementor-widget-text-editor\" data-id=\"2f2bcd7f\" data-element_type=\"widget\" data-e-type=\"widget\" data-widget_type=\"text-editor.default\">\n\t\t\t\t<div class=\"elementor-widget-container\">\n\t\t\t\t\t\t\t\t\t<p>Offrez \u00e0 vos employ\u00e9s un acc\u00e8s mobile facile et s\u00e9curis\u00e9 aux salles, aux \u00e9quipements et aux b\u00e2timents gr\u00e2ce au badge d'employ\u00e9 dans Apple Wallet. En int\u00e9grant notre plateforme de convergence de s\u00e9curit\u00e9 cyberphysique Guardian aux solutions HID Mobile Access, vous avez encore plus de choix, de souplesse et de tranquillit\u00e9 d'esprit.<\/p>\t\t\t\t\t\t\t\t<\/div>\n\t\t\t\t<\/div>\n\t\t\t\t<div class=\"elementor-element elementor-element-2b23f451 elementor-widget elementor-widget-image\" data-id=\"2b23f451\" data-element_type=\"widget\" data-e-type=\"widget\" data-widget_type=\"image.default\">\n\t\t\t\t<div class=\"elementor-widget-container\">\n\t\t\t\t\t\t\t\t\t\t\t\t\t\t\t<img fetchpriority=\"high\" decoding=\"async\" width=\"250\" height=\"260\" src=\"https:\/\/fr.alertenterprise.com\/wp-content\/uploads\/sites\/2\/2024\/07\/reta-booij-elispse.png\" class=\"attachment-full size-full wp-image-24652\" alt=\"\" srcset=\"https:\/\/fr.alertenterprise.com\/wp-content\/uploads\/sites\/2\/2024\/07\/reta-booij-elispse.png 250w, https:\/\/fr.alertenterprise.com\/wp-content\/uploads\/sites\/2\/2024\/07\/reta-booij-elispse-12x12.png 12w\" sizes=\"(max-width: 250px) 100vw, 250px\" \/>\t\t\t\t\t\t\t\t\t\t\t\t\t\t\t<\/div>\n\t\t\t\t<\/div>\n\t\t\t\t<div class=\"elementor-element elementor-element-1dbb7379 elementor-widget elementor-widget-button\" data-id=\"1dbb7379\" data-element_type=\"widget\" data-e-type=\"widget\" data-widget_type=\"button.default\">\n\t\t\t\t<div class=\"elementor-widget-container\">\n\t\t\t\t\t\t\t\t\t<div class=\"elementor-button-wrapper\">\n\t\t\t\t\t<a class=\"elementor-button elementor-button-link elementor-size-sm\" href=\"https:\/\/www.youtube.com\/watch?v=GVdxBuyNNxs&#038;list=PLbf5EBK8AdK6QcdHQSrbZNBm-7bP1-dTY&#038;index=4\" target=\"_blank\">\n\t\t\t\t\t\t<span class=\"elementor-button-content-wrapper\">\n\t\t\t\t\t\t\t\t\t<span class=\"elementor-button-text\">Voir en action<\/span>\n\t\t\t\t\t<\/span>\n\t\t\t\t\t<\/a>\n\t\t\t\t<\/div>\n\t\t\t\t\t\t\t\t<\/div>\n\t\t\t\t<\/div>\n\t\t\t\t\t<\/div>\n\t\t\t\t<\/div>\n\t\t\t\t\t<\/div>\n\t\t\t\t<\/div>\n\t\t<div data-particle_enable=\"false\" data-particle-mobile-disabled=\"false\" class=\"elementor-element elementor-element-269c48e6 e-grid e-con-boxed e-con e-parent\" data-id=\"269c48e6\" data-element_type=\"container\" data-e-type=\"container\" data-settings=\"{&quot;background_background&quot;:&quot;classic&quot;}\">\n\t\t\t\t\t<div class=\"e-con-inner\">\n\t\t<div data-particle_enable=\"false\" data-particle-mobile-disabled=\"false\" class=\"elementor-element elementor-element-215c6c7e e-flex e-con-boxed e-con e-child\" data-id=\"215c6c7e\" data-element_type=\"container\" data-e-type=\"container\">\n\t\t\t\t\t<div class=\"e-con-inner\">\n\t\t\t\t<div class=\"elementor-element elementor-element-7b5b2e06 elementor-widget elementor-widget-heading\" data-id=\"7b5b2e06\" data-element_type=\"widget\" data-e-type=\"widget\" data-widget_type=\"heading.default\">\n\t\t\t\t<div class=\"elementor-widget-container\">\n\t\t\t\t\t<h2 class=\"elementor-heading-title elementor-size-default\">Le meilleur (et le plus s\u00fbr) des deux mondes.<\/h2>\t\t\t\t<\/div>\n\t\t\t\t<\/div>\n\t\t\t\t\t<\/div>\n\t\t\t\t<\/div>\n\t\t<div data-particle_enable=\"false\" data-particle-mobile-disabled=\"false\" class=\"elementor-element elementor-element-33c0532e e-flex e-con-boxed e-con e-child\" data-id=\"33c0532e\" data-element_type=\"container\" data-e-type=\"container\">\n\t\t\t\t\t<div class=\"e-con-inner\">\n\t\t\t\t<div class=\"elementor-element elementor-element-20329b01 elementor-widget elementor-widget-text-editor\" data-id=\"20329b01\" data-element_type=\"widget\" data-e-type=\"widget\" data-widget_type=\"text-editor.default\">\n\t\t\t\t<div class=\"elementor-widget-container\">\n\t\t\t\t\t\t\t\t\t<p>Les employ\u00e9s, les \u00e9tudiants, les visiteurs et les sous-traitants peuvent d\u00e9sormais ouvrir les portes de l'immeuble avec leur iPhone et leur Apple Watch, simplement en tapant leurs appareils sur des lecteurs HID (vous savez, la m\u00eame exp\u00e9rience pratique et s\u00e9curis\u00e9e que les transactions bancaires).<br \/><br \/>En ce qui concerne votre \u00e9quipe de s\u00e9curit\u00e9, Alert Enterprise Guardian permet une approche transparente et logicielle de la gestion de l'ensemble du cycle de vie des identifiants mobiles \u00e0 partir d'une seule plate-forme cloud. Activez et d\u00e9sactivez instantan\u00e9ment les informations d'identification mobiles \u00e0 grande \u00e9chelle gr\u00e2ce \u00e0 une connexion automatis\u00e9e \u00e0 vos syst\u00e8mes de contr\u00f4le d'acc\u00e8s physique.<\/p>\t\t\t\t\t\t\t\t<\/div>\n\t\t\t\t<\/div>\n\t\t\t\t<div class=\"elementor-element elementor-element-5275302f elementor-widget elementor-widget-button\" data-id=\"5275302f\" data-element_type=\"widget\" data-e-type=\"widget\" data-widget_type=\"button.default\">\n\t\t\t\t<div class=\"elementor-widget-container\">\n\t\t\t\t\t\t\t\t\t<div class=\"elementor-button-wrapper\">\n\t\t\t\t\t<a class=\"elementor-button elementor-button-link elementor-size-sm\" href=\"\/fr\/industry-solutions\/nfc-wallet-mobile-credentials\/\">\n\t\t\t\t\t\t<span class=\"elementor-button-content-wrapper\">\n\t\t\t\t\t\t\t\t\t<span class=\"elementor-button-text\">Pour en savoir plus, cliquez ici<\/span>\n\t\t\t\t\t<\/span>\n\t\t\t\t\t<\/a>\n\t\t\t\t<\/div>\n\t\t\t\t\t\t\t\t<\/div>\n\t\t\t\t<\/div>\n\t\t\t\t\t<\/div>\n\t\t\t\t<\/div>\n\t\t\t\t\t<\/div>\n\t\t\t\t<\/div>\n\t\t<div data-particle_enable=\"false\" data-particle-mobile-disabled=\"false\" class=\"elementor-element elementor-element-26ffd499 e-grid e-con-boxed e-con e-parent\" data-id=\"26ffd499\" data-element_type=\"container\" data-e-type=\"container\" data-settings=\"{&quot;background_background&quot;:&quot;classic&quot;}\">\n\t\t\t\t\t<div class=\"e-con-inner\">\n\t\t<div data-particle_enable=\"false\" data-particle-mobile-disabled=\"false\" class=\"elementor-element elementor-element-4efe9d6c e-flex e-con-boxed e-con e-child\" data-id=\"4efe9d6c\" data-element_type=\"container\" data-e-type=\"container\" data-settings=\"{&quot;background_background&quot;:&quot;classic&quot;}\">\n\t\t\t\t\t<div class=\"e-con-inner\">\n\t\t\t\t<div class=\"elementor-element elementor-element-551b6f7d elementor-widget elementor-widget-heading\" data-id=\"551b6f7d\" data-element_type=\"widget\" data-e-type=\"widget\" data-widget_type=\"heading.default\">\n\t\t\t\t<div class=\"elementor-widget-container\">\n\t\t\t\t\t<h2 class=\"elementor-heading-title elementor-size-default\">Ne vous contentez pas d'ouvrir les portes. Obtenez...<\/h2>\t\t\t\t<\/div>\n\t\t\t\t<\/div>\n\t\t\t\t\t<\/div>\n\t\t\t\t<\/div>\n\t\t<div data-particle_enable=\"false\" data-particle-mobile-disabled=\"false\" class=\"elementor-element elementor-element-67c22db2 e-flex e-con-boxed e-con e-child\" data-id=\"67c22db2\" data-element_type=\"container\" data-e-type=\"container\">\n\t\t\t\t\t<div class=\"e-con-inner\">\n\t\t\t\t<div class=\"elementor-element elementor-element-1b2a4db0 elementor-widget elementor-widget-text-editor\" data-id=\"1b2a4db0\" data-element_type=\"widget\" data-e-type=\"widget\" data-widget_type=\"text-editor.default\">\n\t\t\t\t<div class=\"elementor-widget-container\">\n\t\t\t\t\t\t\t\t\t<ul><li>Prise en charge compl\u00e8te des lecteurs HID<\/li><li>Automatisation compl\u00e8te avec acc\u00e8s bas\u00e9 sur les r\u00f4les<\/li><li>Gestion des acc\u00e8s et audit pour les int\u00e9rimaires<\/li><li>Portail en libre-service pour les utilisateurs finaux<\/li><li>Flux de travail configurables pour les acc\u00e8s aux sites critiques<\/li><li>Examens automatis\u00e9s des acc\u00e8s et recertification<\/li><li>D\u00e9tection des anomalies et rapports bas\u00e9s sur l'IA pour les identifiants NFC<\/li><li>Int\u00e9gration pr\u00eate \u00e0 l'emploi avec plusieurs syst\u00e8mes de contr\u00f4le d'acc\u00e8s physique<\/li><\/ul>\t\t\t\t\t\t\t\t<\/div>\n\t\t\t\t<\/div>\n\t\t\t\t<div class=\"elementor-element elementor-element-6f3e4d55 elementor-widget elementor-widget-button\" data-id=\"6f3e4d55\" data-element_type=\"widget\" data-e-type=\"widget\" data-widget_type=\"button.default\">\n\t\t\t\t<div class=\"elementor-widget-container\">\n\t\t\t\t\t\t\t\t\t<div class=\"elementor-button-wrapper\">\n\t\t\t\t\t<a class=\"elementor-button elementor-button-link elementor-size-sm\" href=\"\/fr\/blog\/press-release\/alertenterprise-partners-with-hid-to-offer-employee-badge-in-apple-wallet\/\">\n\t\t\t\t\t\t<span class=\"elementor-button-content-wrapper\">\n\t\t\t\t\t\t\t\t\t<span class=\"elementor-button-text\">Maintenant, c'est digne d'int\u00e9r\u00eat<\/span>\n\t\t\t\t\t<\/span>\n\t\t\t\t\t<\/a>\n\t\t\t\t<\/div>\n\t\t\t\t\t\t\t\t<\/div>\n\t\t\t\t<\/div>\n\t\t\t\t\t<\/div>\n\t\t\t\t<\/div>\n\t\t\t\t\t<\/div>\n\t\t\t\t<\/div>\n\t\t<div data-particle_enable=\"false\" data-particle-mobile-disabled=\"false\" class=\"elementor-element elementor-element-5896b237 e-flex e-con-boxed e-con e-parent\" data-id=\"5896b237\" data-element_type=\"container\" data-e-type=\"container\">\n\t\t\t\t\t<div class=\"e-con-inner\">\n\t\t<div data-particle_enable=\"false\" data-particle-mobile-disabled=\"false\" class=\"elementor-element elementor-element-39c0c17a e-flex e-con-boxed e-con e-child\" data-id=\"39c0c17a\" data-element_type=\"container\" data-e-type=\"container\" data-settings=\"{&quot;background_background&quot;:&quot;classic&quot;}\">\n\t\t\t\t\t<div class=\"e-con-inner\">\n\t\t<div data-particle_enable=\"false\" data-particle-mobile-disabled=\"false\" class=\"elementor-element elementor-element-4ec65398 e-grid e-con-boxed e-con e-child\" data-id=\"4ec65398\" data-element_type=\"container\" data-e-type=\"container\">\n\t\t\t\t\t<div class=\"e-con-inner\">\n\t\t\t\t<div class=\"elementor-element elementor-element-225c9d3a elementor-widget elementor-widget-image\" data-id=\"225c9d3a\" data-element_type=\"widget\" data-e-type=\"widget\" data-widget_type=\"image.default\">\n\t\t\t\t<div class=\"elementor-widget-container\">\n\t\t\t\t\t\t\t\t\t\t\t\t\t\t\t<img decoding=\"async\" src=\"https:\/\/alertenterprise.com\/wp-content\/uploads\/2023\/11\/Rectangle-1057.jpg\" title=\"\" alt=\"\" loading=\"lazy\" \/>\t\t\t\t\t\t\t\t\t\t\t\t\t\t\t<\/div>\n\t\t\t\t<\/div>\n\t\t<div data-particle_enable=\"false\" data-particle-mobile-disabled=\"false\" class=\"elementor-element elementor-element-3cc40fd1 e-flex e-con-boxed e-con e-child\" data-id=\"3cc40fd1\" data-element_type=\"container\" data-e-type=\"container\">\n\t\t\t\t\t<div class=\"e-con-inner\">\n\t\t\t\t<div class=\"elementor-element elementor-element-6c7e249e elementor-widget elementor-widget-heading\" data-id=\"6c7e249e\" data-element_type=\"widget\" data-e-type=\"widget\" data-widget_type=\"heading.default\">\n\t\t\t\t<div class=\"elementor-widget-container\">\n\t\t\t\t\t<h2 class=\"elementor-heading-title elementor-size-default\">Parlons de tout ce qui concerne les informations d'identification mobiles du portefeuille NFC<\/h2>\t\t\t\t<\/div>\n\t\t\t\t<\/div>\n\t\t\t\t<div class=\"elementor-element elementor-element-5ef8d28a elementor-widget elementor-widget-text-editor\" data-id=\"5ef8d28a\" data-element_type=\"widget\" data-e-type=\"widget\" data-widget_type=\"text-editor.default\">\n\t\t\t\t<div class=\"elementor-widget-container\">\n\t\t\t\t\t\t\t\t\t<p>Int\u00e9grez les identifiants mobiles du portefeuille NFC au contr\u00f4le d'acc\u00e8s de votre entreprise.<\/p>\t\t\t\t\t\t\t\t<\/div>\n\t\t\t\t<\/div>\n\t\t\t\t<div class=\"elementor-element elementor-element-121aa3ea elementor-widget elementor-widget-button\" data-id=\"121aa3ea\" data-element_type=\"widget\" data-e-type=\"widget\" data-widget_type=\"button.default\">\n\t\t\t\t<div class=\"elementor-widget-container\">\n\t\t\t\t\t\t\t\t\t<div class=\"elementor-button-wrapper\">\n\t\t\t\t\t<a class=\"elementor-button elementor-button-link elementor-size-sm\" href=\"\/fr\/contact\/\">\n\t\t\t\t\t\t<span class=\"elementor-button-content-wrapper\">\n\t\t\t\t\t\t\t\t\t<span class=\"elementor-button-text\">Programmer une d\u00e9monstration<\/span>\n\t\t\t\t\t<\/span>\n\t\t\t\t\t<\/a>\n\t\t\t\t<\/div>\n\t\t\t\t\t\t\t\t<\/div>\n\t\t\t\t<\/div>\n\t\t\t\t\t<\/div>\n\t\t\t\t<\/div>\n\t\t\t\t\t<\/div>\n\t\t\t\t<\/div>\n\t\t\t\t\t<\/div>\n\t\t\t\t<\/div>\n\t\t\t\t\t<\/div>\n\t\t\t\t<\/div>\n\t\t\t\t<\/div>","protected":false},"excerpt":{"rendered":"<p>Votre iPhone rencontre l'innovation en mati\u00e8re d'acc\u00e8s. Offrez \u00e0 vos employ\u00e9s un acc\u00e8s mobile facile et s\u00e9curis\u00e9 aux salles, aux \u00e9quipements et aux b\u00e2timents gr\u00e2ce au badge d'employ\u00e9 dans Apple Wallet. En int\u00e9grant notre plateforme de convergence de s\u00e9curit\u00e9 cyberphysique Guardian aux solutions HID Mobile Access, vous avez encore plus de choix, de souplesse et [...]<\/p>","protected":false},"author":8,"featured_media":19273,"parent":14686,"menu_order":0,"comment_status":"closed","ping_status":"closed","template":"","meta":{"_acf_changed":false,"footnotes":""},"class_list":["post-16876","page","type-page","status-publish","has-post-thumbnail","hentry"],"acf":[],"yoast_head":"<!-- This site is optimized with the Yoast SEO plugin v27.3 - https:\/\/yoast.com\/product\/yoast-seo-wordpress\/ -->\n<title>HID - Alert Enterprise-fr<\/title>\n<meta name=\"description\" content=\"D\u00e9couvrez la facilit\u00e9 du stockage des badges des employ\u00e9s dans Apple Wallet gr\u00e2ce \u00e0 notre int\u00e9gration avec la plateforme de s\u00e9curit\u00e9 cyberphysique Guardian.\" \/>\n<meta name=\"robots\" content=\"index, follow, max-snippet:-1, max-image-preview:large, max-video-preview:-1\" \/>\n<link rel=\"canonical\" href=\"https:\/\/fr.alertenterprise.com\/fr\/partners\/hid\/\" \/>\n<meta property=\"og:locale\" content=\"fr_FR\" \/>\n<meta property=\"og:type\" content=\"article\" \/>\n<meta property=\"og:title\" content=\"HID - Alert Enterprise-fr\" \/>\n<meta property=\"og:description\" content=\"D\u00e9couvrez la facilit\u00e9 du stockage des badges des employ\u00e9s dans Apple Wallet gr\u00e2ce \u00e0 notre int\u00e9gration avec la plateforme de s\u00e9curit\u00e9 cyberphysique Guardian.\" \/>\n<meta property=\"og:url\" content=\"https:\/\/fr.alertenterprise.com\/fr\/partners\/hid\/\" \/>\n<meta property=\"og:site_name\" content=\"Alert Enterprise-fr\" \/>\n<meta property=\"article:modified_time\" content=\"2024-02-22T18:57:51+00:00\" \/>\n<meta property=\"og:image\" content=\"https:\/\/fr.alertenterprise.com\/wp-content\/uploads\/sites\/2\/2024\/01\/HID-Hero-Img.jpg\" \/>\n\t<meta property=\"og:image:width\" content=\"1151\" \/>\n\t<meta property=\"og:image:height\" content=\"768\" \/>\n\t<meta property=\"og:image:type\" content=\"image\/jpeg\" \/>\n<meta name=\"twitter:card\" content=\"summary_large_image\" \/>\n<meta name=\"twitter:label1\" content=\"Dur\u00e9e de lecture estim\u00e9e\" \/>\n\t<meta name=\"twitter:data1\" content=\"2 minutes\" \/>\n<script type=\"application\/ld+json\" class=\"yoast-schema-graph\">{\"@context\":\"https:\\\/\\\/schema.org\",\"@graph\":[{\"@type\":\"WebPage\",\"@id\":\"https:\\\/\\\/fr.alertenterprise.com\\\/fr\\\/partners\\\/hid\\\/\",\"url\":\"https:\\\/\\\/fr.alertenterprise.com\\\/fr\\\/partners\\\/hid\\\/\",\"name\":\"HID - Alert Enterprise-fr\",\"isPartOf\":{\"@id\":\"https:\\\/\\\/fr.alertenterprise.com\\\/fr\\\/#website\"},\"primaryImageOfPage\":{\"@id\":\"https:\\\/\\\/fr.alertenterprise.com\\\/fr\\\/partners\\\/hid\\\/#primaryimage\"},\"image\":{\"@id\":\"https:\\\/\\\/fr.alertenterprise.com\\\/fr\\\/partners\\\/hid\\\/#primaryimage\"},\"thumbnailUrl\":\"https:\\\/\\\/fr.alertenterprise.com\\\/wp-content\\\/uploads\\\/sites\\\/2\\\/2024\\\/01\\\/HID-Hero-Img.jpg\",\"datePublished\":\"2023-11-10T18:22:43+00:00\",\"dateModified\":\"2024-02-22T18:57:51+00:00\",\"description\":\"D\u00e9couvrez la facilit\u00e9 du stockage des badges des employ\u00e9s dans Apple Wallet gr\u00e2ce \u00e0 notre int\u00e9gration avec la plateforme de s\u00e9curit\u00e9 cyberphysique Guardian.\",\"breadcrumb\":{\"@id\":\"https:\\\/\\\/fr.alertenterprise.com\\\/fr\\\/partners\\\/hid\\\/#breadcrumb\"},\"inLanguage\":\"fr-FR\",\"potentialAction\":[{\"@type\":\"ReadAction\",\"target\":[\"https:\\\/\\\/fr.alertenterprise.com\\\/fr\\\/partners\\\/hid\\\/\"]}]},{\"@type\":\"ImageObject\",\"inLanguage\":\"fr-FR\",\"@id\":\"https:\\\/\\\/fr.alertenterprise.com\\\/fr\\\/partners\\\/hid\\\/#primaryimage\",\"url\":\"https:\\\/\\\/fr.alertenterprise.com\\\/wp-content\\\/uploads\\\/sites\\\/2\\\/2024\\\/01\\\/HID-Hero-Img.jpg\",\"contentUrl\":\"https:\\\/\\\/fr.alertenterprise.com\\\/wp-content\\\/uploads\\\/sites\\\/2\\\/2024\\\/01\\\/HID-Hero-Img.jpg\",\"width\":1151,\"height\":768,\"caption\":\"Une femme scanne un t\u00e9l\u00e9phone\"},{\"@type\":\"BreadcrumbList\",\"@id\":\"https:\\\/\\\/fr.alertenterprise.com\\\/fr\\\/partners\\\/hid\\\/#breadcrumb\",\"itemListElement\":[{\"@type\":\"ListItem\",\"position\":1,\"name\":\"Home\",\"item\":\"https:\\\/\\\/fr.alertenterprise.com\\\/fr\\\/\"},{\"@type\":\"ListItem\",\"position\":2,\"name\":\"Partenaires\",\"item\":\"https:\\\/\\\/fr.alertenterprise.com\\\/fr\\\/partners\\\/\"},{\"@type\":\"ListItem\",\"position\":3,\"name\":\"HID\"}]},{\"@type\":\"WebSite\",\"@id\":\"https:\\\/\\\/fr.alertenterprise.com\\\/fr\\\/#website\",\"url\":\"https:\\\/\\\/fr.alertenterprise.com\\\/fr\\\/\",\"name\":\"Alert Enterprise - French\",\"description\":\"\",\"publisher\":{\"@id\":\"https:\\\/\\\/fr.alertenterprise.com\\\/fr\\\/#organization\"},\"potentialAction\":[{\"@type\":\"SearchAction\",\"target\":{\"@type\":\"EntryPoint\",\"urlTemplate\":\"https:\\\/\\\/fr.alertenterprise.com\\\/fr\\\/?s={search_term_string}\"},\"query-input\":{\"@type\":\"PropertyValueSpecification\",\"valueRequired\":true,\"valueName\":\"search_term_string\"}}],\"inLanguage\":\"fr-FR\"},{\"@type\":\"Organization\",\"@id\":\"https:\\\/\\\/fr.alertenterprise.com\\\/fr\\\/#organization\",\"name\":\"Alert Enterprise - French\",\"url\":\"https:\\\/\\\/fr.alertenterprise.com\\\/fr\\\/\",\"logo\":{\"@type\":\"ImageObject\",\"inLanguage\":\"fr-FR\",\"@id\":\"https:\\\/\\\/fr.alertenterprise.com\\\/fr\\\/#\\\/schema\\\/logo\\\/image\\\/\",\"url\":\"https:\\\/\\\/fr.alertenterprise.com\\\/wp-content\\\/uploads\\\/sites\\\/2\\\/2023\\\/09\\\/AE_Logo_Black.svg\",\"contentUrl\":\"https:\\\/\\\/fr.alertenterprise.com\\\/wp-content\\\/uploads\\\/sites\\\/2\\\/2023\\\/09\\\/AE_Logo_Black.svg\",\"width\":1,\"height\":1,\"caption\":\"Alert Enterprise - French\"},\"image\":{\"@id\":\"https:\\\/\\\/fr.alertenterprise.com\\\/fr\\\/#\\\/schema\\\/logo\\\/image\\\/\"}}]}<\/script>\n<!-- \/ Yoast SEO plugin. -->","yoast_head_json":{"title":"HID - Alert Enterprise-fr","description":"D\u00e9couvrez la facilit\u00e9 du stockage des badges des employ\u00e9s dans Apple Wallet gr\u00e2ce \u00e0 notre int\u00e9gration avec la plateforme de s\u00e9curit\u00e9 cyberphysique Guardian.","robots":{"index":"index","follow":"follow","max-snippet":"max-snippet:-1","max-image-preview":"max-image-preview:large","max-video-preview":"max-video-preview:-1"},"canonical":"https:\/\/fr.alertenterprise.com\/fr\/partners\/hid\/","og_locale":"fr_FR","og_type":"article","og_title":"HID - Alert Enterprise-fr","og_description":"D\u00e9couvrez la facilit\u00e9 du stockage des badges des employ\u00e9s dans Apple Wallet gr\u00e2ce \u00e0 notre int\u00e9gration avec la plateforme de s\u00e9curit\u00e9 cyberphysique Guardian.","og_url":"https:\/\/fr.alertenterprise.com\/fr\/partners\/hid\/","og_site_name":"Alert Enterprise-fr","article_modified_time":"2024-02-22T18:57:51+00:00","og_image":[{"width":1151,"height":768,"url":"https:\/\/fr.alertenterprise.com\/wp-content\/uploads\/sites\/2\/2024\/01\/HID-Hero-Img.jpg","type":"image\/jpeg"}],"twitter_card":"summary_large_image","twitter_misc":{"Dur\u00e9e de lecture estim\u00e9e":"2 minutes"},"schema":{"@context":"https:\/\/schema.org","@graph":[{"@type":"WebPage","@id":"https:\/\/fr.alertenterprise.com\/fr\/partners\/hid\/","url":"https:\/\/fr.alertenterprise.com\/fr\/partners\/hid\/","name":"HID - Alert Enterprise-fr","isPartOf":{"@id":"https:\/\/fr.alertenterprise.com\/fr\/#website"},"primaryImageOfPage":{"@id":"https:\/\/fr.alertenterprise.com\/fr\/partners\/hid\/#primaryimage"},"image":{"@id":"https:\/\/fr.alertenterprise.com\/fr\/partners\/hid\/#primaryimage"},"thumbnailUrl":"https:\/\/fr.alertenterprise.com\/wp-content\/uploads\/sites\/2\/2024\/01\/HID-Hero-Img.jpg","datePublished":"2023-11-10T18:22:43+00:00","dateModified":"2024-02-22T18:57:51+00:00","description":"D\u00e9couvrez la facilit\u00e9 du stockage des badges des employ\u00e9s dans Apple Wallet gr\u00e2ce \u00e0 notre int\u00e9gration avec la plateforme de s\u00e9curit\u00e9 cyberphysique Guardian.","breadcrumb":{"@id":"https:\/\/fr.alertenterprise.com\/fr\/partners\/hid\/#breadcrumb"},"inLanguage":"fr-FR","potentialAction":[{"@type":"ReadAction","target":["https:\/\/fr.alertenterprise.com\/fr\/partners\/hid\/"]}]},{"@type":"ImageObject","inLanguage":"fr-FR","@id":"https:\/\/fr.alertenterprise.com\/fr\/partners\/hid\/#primaryimage","url":"https:\/\/fr.alertenterprise.com\/wp-content\/uploads\/sites\/2\/2024\/01\/HID-Hero-Img.jpg","contentUrl":"https:\/\/fr.alertenterprise.com\/wp-content\/uploads\/sites\/2\/2024\/01\/HID-Hero-Img.jpg","width":1151,"height":768,"caption":"Une femme scanne un t\u00e9l\u00e9phone"},{"@type":"BreadcrumbList","@id":"https:\/\/fr.alertenterprise.com\/fr\/partners\/hid\/#breadcrumb","itemListElement":[{"@type":"ListItem","position":1,"name":"Home","item":"https:\/\/fr.alertenterprise.com\/fr\/"},{"@type":"ListItem","position":2,"name":"Partenaires","item":"https:\/\/fr.alertenterprise.com\/fr\/partners\/"},{"@type":"ListItem","position":3,"name":"HID"}]},{"@type":"WebSite","@id":"https:\/\/fr.alertenterprise.com\/fr\/#website","url":"https:\/\/fr.alertenterprise.com\/fr\/","name":"Alert Enterprise - Fran\u00e7ais","description":"","publisher":{"@id":"https:\/\/fr.alertenterprise.com\/fr\/#organization"},"potentialAction":[{"@type":"SearchAction","target":{"@type":"EntryPoint","urlTemplate":"https:\/\/fr.alertenterprise.com\/fr\/?s={search_term_string}"},"query-input":{"@type":"PropertyValueSpecification","valueRequired":true,"valueName":"search_term_string"}}],"inLanguage":"fr-FR"},{"@type":"Organization","@id":"https:\/\/fr.alertenterprise.com\/fr\/#organization","name":"Alert Enterprise - Fran\u00e7ais","url":"https:\/\/fr.alertenterprise.com\/fr\/","logo":{"@type":"ImageObject","inLanguage":"fr-FR","@id":"https:\/\/fr.alertenterprise.com\/fr\/#\/schema\/logo\/image\/","url":"https:\/\/fr.alertenterprise.com\/wp-content\/uploads\/sites\/2\/2023\/09\/AE_Logo_Black.svg","contentUrl":"https:\/\/fr.alertenterprise.com\/wp-content\/uploads\/sites\/2\/2023\/09\/AE_Logo_Black.svg","width":1,"height":1,"caption":"Alert Enterprise - French"},"image":{"@id":"https:\/\/fr.alertenterprise.com\/fr\/#\/schema\/logo\/image\/"}}]}},"_links":{"self":[{"href":"https:\/\/fr.alertenterprise.com\/fr\/wp-json\/wp\/v2\/pages\/16876","targetHints":{"allow":["GET"]}}],"collection":[{"href":"https:\/\/fr.alertenterprise.com\/fr\/wp-json\/wp\/v2\/pages"}],"about":[{"href":"https:\/\/fr.alertenterprise.com\/fr\/wp-json\/wp\/v2\/types\/page"}],"author":[{"embeddable":true,"href":"https:\/\/fr.alertenterprise.com\/fr\/wp-json\/wp\/v2\/users\/8"}],"replies":[{"embeddable":true,"href":"https:\/\/fr.alertenterprise.com\/fr\/wp-json\/wp\/v2\/comments?post=16876"}],"version-history":[{"count":5,"href":"https:\/\/fr.alertenterprise.com\/fr\/wp-json\/wp\/v2\/pages\/16876\/revisions"}],"predecessor-version":[{"id":21850,"href":"https:\/\/fr.alertenterprise.com\/fr\/wp-json\/wp\/v2\/pages\/16876\/revisions\/21850"}],"up":[{"embeddable":true,"href":"https:\/\/fr.alertenterprise.com\/fr\/wp-json\/wp\/v2\/pages\/14686"}],"wp:featuredmedia":[{"embeddable":true,"href":"https:\/\/fr.alertenterprise.com\/fr\/wp-json\/wp\/v2\/media\/19273"}],"wp:attachment":[{"href":"https:\/\/fr.alertenterprise.com\/fr\/wp-json\/wp\/v2\/media?parent=16876"}],"curies":[{"name":"wp","href":"https:\/\/api.w.org\/{rel}","templated":true}]}}