{"id":22996,"date":"2024-04-15T15:39:50","date_gmt":"2024-04-15T15:39:50","guid":{"rendered":"https:\/\/fr.alertenterprise.com\/?page_id=22996"},"modified":"2025-02-28T15:37:52","modified_gmt":"2025-02-28T15:37:52","slug":"safetrust","status":"publish","type":"page","link":"https:\/\/fr.alertenterprise.com\/fr\/partners\/safetrust\/","title":{"rendered":"Safetrust"},"content":{"rendered":"<div data-elementor-type=\"wp-page\" data-elementor-id=\"22996\" class=\"elementor elementor-22996\" data-elementor-post-type=\"page\">\n\t\t\t\t<div data-particle_enable=\"false\" data-particle-mobile-disabled=\"false\" class=\"elementor-element elementor-element-70aaa789 e-grid e-con-boxed e-con e-parent\" data-id=\"70aaa789\" data-element_type=\"container\" data-e-type=\"container\" data-settings=\"{&quot;background_background&quot;:&quot;classic&quot;}\">\n\t\t\t\t\t<div class=\"e-con-inner\">\n\t\t<div data-particle_enable=\"false\" data-particle-mobile-disabled=\"false\" class=\"elementor-element elementor-element-6e625ca1 e-flex e-con-boxed e-con e-child\" data-id=\"6e625ca1\" data-element_type=\"container\" data-e-type=\"container\" data-settings=\"{&quot;background_background&quot;:&quot;classic&quot;}\">\n\t\t\t\t\t<div class=\"e-con-inner\">\n\t\t\t\t\t<\/div>\n\t\t\t\t<\/div>\n\t\t<div data-particle_enable=\"false\" data-particle-mobile-disabled=\"false\" class=\"elementor-element elementor-element-33088b75 e-flex e-con-boxed e-con e-child\" data-id=\"33088b75\" data-element_type=\"container\" data-e-type=\"container\">\n\t\t\t\t\t<div class=\"e-con-inner\">\n\t\t\t\t<div class=\"elementor-element elementor-element-3436f6a5 elementor-widget elementor-widget-heading\" data-id=\"3436f6a5\" data-element_type=\"widget\" data-e-type=\"widget\" data-widget_type=\"heading.default\">\n\t\t\t\t<div class=\"elementor-widget-container\">\n\t\t\t\t\t<h2 class=\"elementor-heading-title elementor-size-default\">Le d\u00e9ploiement de badges pour les employ\u00e9s n'a jamais\njamais \u00e9t\u00e9 aussi facile.<\/h2>\t\t\t\t<\/div>\n\t\t\t\t<\/div>\n\t\t\t\t<div class=\"elementor-element elementor-element-705e5db8 elementor-widget elementor-widget-text-editor\" data-id=\"705e5db8\" data-element_type=\"widget\" data-e-type=\"widget\" data-widget_type=\"text-editor.default\">\n\t\t\t\t<div class=\"elementor-widget-container\">\n\t\t\t\t\t\t\t\t\tNotre int\u00e9gration transparente \u00e0 Apple et Google Wallet rend le d\u00e9ploiement des badges d'employ\u00e9s plus facile que jamais. L'ajout de votre badge au portefeuille de votre choix est simple et permet aux utilisateurs d'acc\u00e9der aux portes, aux empreintes s\u00e9curis\u00e9es, aux distributeurs automatiques et \u00e0 d'autres installations.\t\t\t\t\t\t\t\t<\/div>\n\t\t\t\t<\/div>\n\t\t\t\t<div class=\"elementor-element elementor-element-4495a1fb elementor-widget elementor-widget-button\" data-id=\"4495a1fb\" data-element_type=\"widget\" data-e-type=\"widget\" data-widget_type=\"button.default\">\n\t\t\t\t<div class=\"elementor-widget-container\">\n\t\t\t\t\t\t\t\t\t<div class=\"elementor-button-wrapper\">\n\t\t\t\t\t<a class=\"elementor-button elementor-button-link elementor-size-sm\" href=\"\/fr\/nfcmc\/\">\n\t\t\t\t\t\t<span class=\"elementor-button-content-wrapper\">\n\t\t\t\t\t\t\t\t\t<span class=\"elementor-button-text\">En savoir plus<\/span>\n\t\t\t\t\t<\/span>\n\t\t\t\t\t<\/a>\n\t\t\t\t<\/div>\n\t\t\t\t\t\t\t\t<\/div>\n\t\t\t\t<\/div>\n\t\t\t\t\t<\/div>\n\t\t\t\t<\/div>\n\t\t\t\t\t<\/div>\n\t\t\t\t<\/div>\n\t\t<div data-particle_enable=\"false\" data-particle-mobile-disabled=\"false\" class=\"elementor-element elementor-element-4f832601 e-grid e-con-boxed e-con e-parent\" data-id=\"4f832601\" data-element_type=\"container\" data-e-type=\"container\" data-settings=\"{&quot;background_background&quot;:&quot;classic&quot;}\">\n\t\t\t\t\t<div class=\"e-con-inner\">\n\t\t<div data-particle_enable=\"false\" data-particle-mobile-disabled=\"false\" class=\"elementor-element elementor-element-5b69e328 e-flex e-con-boxed e-con e-child\" data-id=\"5b69e328\" data-element_type=\"container\" data-e-type=\"container\">\n\t\t\t\t\t<div class=\"e-con-inner\">\n\t\t\t\t<div class=\"elementor-element elementor-element-2b292a5b elementor-widget elementor-widget-heading\" data-id=\"2b292a5b\" data-element_type=\"widget\" data-e-type=\"widget\" data-widget_type=\"heading.default\">\n\t\t\t\t<div class=\"elementor-widget-container\">\n\t\t\t\t\t<h2 class=\"elementor-heading-title elementor-size-default\">Gestion transparente des cycles de vie des\ndans le nuage.<\/h2>\t\t\t\t<\/div>\n\t\t\t\t<\/div>\n\t\t\t\t\t<\/div>\n\t\t\t\t<\/div>\n\t\t<div data-particle_enable=\"false\" data-particle-mobile-disabled=\"false\" class=\"elementor-element elementor-element-5b5f0d1 e-flex e-con-boxed e-con e-child\" data-id=\"5b5f0d1\" data-element_type=\"container\" data-e-type=\"container\">\n\t\t\t\t\t<div class=\"e-con-inner\">\n\t\t\t\t<div class=\"elementor-element elementor-element-6629709f elementor-widget elementor-widget-text-editor\" data-id=\"6629709f\" data-element_type=\"widget\" data-e-type=\"widget\" data-widget_type=\"text-editor.default\">\n\t\t\t\t<div class=\"elementor-widget-container\">\n\t\t\t\t\t\t\t\t\tNous offrons \u00e0 votre \u00e9quipe de s\u00e9curit\u00e9 une approche transparente et logicielle de la gestion de l'ensemble du cycle de vie des informations d'identification \u00e0 partir d'une seule plateforme en nuage. Les administrateurs peuvent instantan\u00e9ment activer et d\u00e9sactiver les identifiants \u00e0 grande \u00e9chelle gr\u00e2ce \u00e0 une connexion automatis\u00e9e \u00e0 votre syst\u00e8me de contr\u00f4le d'acc\u00e8s physique.\t\t\t\t\t\t\t\t<\/div>\n\t\t\t\t<\/div>\n\t\t\t\t<div class=\"elementor-element elementor-element-7192b30b elementor-widget elementor-widget-button\" data-id=\"7192b30b\" data-element_type=\"widget\" data-e-type=\"widget\" data-widget_type=\"button.default\">\n\t\t\t\t<div class=\"elementor-widget-container\">\n\t\t\t\t\t\t\t\t\t<div class=\"elementor-button-wrapper\">\n\t\t\t\t\t<a class=\"elementor-button elementor-button-link elementor-size-sm\" href=\"https:\/\/www.youtube.com\/watch?v=7--BcR-051o\" target=\"_blank\">\n\t\t\t\t\t\t<span class=\"elementor-button-content-wrapper\">\n\t\t\t\t\t\t\t\t\t<span class=\"elementor-button-text\">Voyez-le en action<\/span>\n\t\t\t\t\t<\/span>\n\t\t\t\t\t<\/a>\n\t\t\t\t<\/div>\n\t\t\t\t\t\t\t\t<\/div>\n\t\t\t\t<\/div>\n\t\t\t\t\t<\/div>\n\t\t\t\t<\/div>\n\t\t\t\t\t<\/div>\n\t\t\t\t<\/div>\n\t\t<div data-particle_enable=\"false\" data-particle-mobile-disabled=\"false\" class=\"elementor-element elementor-element-22776035 e-grid e-con-boxed e-con e-parent\" data-id=\"22776035\" data-element_type=\"container\" data-e-type=\"container\" data-settings=\"{&quot;background_background&quot;:&quot;classic&quot;}\">\n\t\t\t\t\t<div class=\"e-con-inner\">\n\t\t<div data-particle_enable=\"false\" data-particle-mobile-disabled=\"false\" class=\"elementor-element elementor-element-745f38ac e-flex e-con-boxed e-con e-child\" data-id=\"745f38ac\" data-element_type=\"container\" data-e-type=\"container\">\n\t\t\t\t\t<div class=\"e-con-inner\">\n\t\t\t\t<div class=\"elementor-element elementor-element-2c1770d4 elementor-widget elementor-widget-heading\" data-id=\"2c1770d4\" data-element_type=\"widget\" data-e-type=\"widget\" data-widget_type=\"heading.default\">\n\t\t\t\t<div class=\"elementor-widget-container\">\n\t\t\t\t\t<h2 class=\"elementor-heading-title elementor-size-default\">Renforcer la s\u00e9curit\u00e9 et l'efficacit\u00e9 gr\u00e2ce \u00e0 des solutions innovantes.<\/h2>\t\t\t\t<\/div>\n\t\t\t\t<\/div>\n\t\t\t\t\t<\/div>\n\t\t\t\t<\/div>\n\t\t<div data-particle_enable=\"false\" data-particle-mobile-disabled=\"false\" class=\"elementor-element elementor-element-e4beb3 e-flex e-con-boxed e-con e-child\" data-id=\"e4beb3\" data-element_type=\"container\" data-e-type=\"container\">\n\t\t\t\t\t<div class=\"e-con-inner\">\n\t\t\t\t<div class=\"elementor-element elementor-element-30cd46ec elementor-widget elementor-widget-text-editor\" data-id=\"30cd46ec\" data-element_type=\"widget\" data-e-type=\"widget\" data-widget_type=\"text-editor.default\">\n\t\t\t\t<div class=\"elementor-widget-container\">\n\t\t\t\t\t\t\t\t\t<p>Le partenariat d'Alert Enterprise avec Safetrust introduit une approche unique pour<br \/>des solutions de contr\u00f4le d'acc\u00e8s. Le mod\u00e8le de donn\u00e9es ouvert de Safetrust garantit une interop\u00e9rabilit\u00e9 transparente et permet aux clients de disposer d'une cl\u00e9 de cryptage ind\u00e9pendante.<br \/>de contr\u00f4ler, de renforcer la s\u00e9curit\u00e9 et de permettre un audit rigoureux.<\/p><p>Contrairement \u00e0 d'autres solutions, Safetrust offre une compatibilit\u00e9 multi-fournisseurs, ce qui r\u00e9duit les co\u00fbts de maintenance et d'entretien.<br \/>tout en offrant une certaine souplesse dans le choix des lecteurs. Leur syst\u00e8me de<br \/>Les solutions d'acc\u00e8s, y compris les identifiants NFC et BLE, r\u00e9pondent \u00e0 des besoins divers,<br \/>tandis qu'un syst\u00e8me rationalis\u00e9 de gestion des badges simplifie l'administration<br \/>et d'am\u00e9liorer simultan\u00e9ment la s\u00e9curit\u00e9 et l'efficacit\u00e9 op\u00e9rationnelle.<\/p>\t\t\t\t\t\t\t\t<\/div>\n\t\t\t\t<\/div>\n\t\t\t\t\t<\/div>\n\t\t\t\t<\/div>\n\t\t\t\t\t<\/div>\n\t\t\t\t<\/div>\n\t\t<div data-particle_enable=\"false\" data-particle-mobile-disabled=\"false\" class=\"elementor-element elementor-element-40a5f72e e-grid e-con-boxed e-con e-parent\" data-id=\"40a5f72e\" data-element_type=\"container\" data-e-type=\"container\" data-settings=\"{&quot;background_background&quot;:&quot;classic&quot;}\">\n\t\t\t\t\t<div class=\"e-con-inner\">\n\t\t<div data-particle_enable=\"false\" data-particle-mobile-disabled=\"false\" class=\"elementor-element elementor-element-677cff94 e-flex e-con-boxed e-con e-child\" data-id=\"677cff94\" data-element_type=\"container\" data-e-type=\"container\" data-settings=\"{&quot;background_background&quot;:&quot;classic&quot;}\">\n\t\t\t\t\t<div class=\"e-con-inner\">\n\t\t\t\t<div class=\"elementor-element elementor-element-2b4df78 elementor-widget elementor-widget-heading\" data-id=\"2b4df78\" data-element_type=\"widget\" data-e-type=\"widget\" data-widget_type=\"heading.default\">\n\t\t\t\t<div class=\"elementor-widget-container\">\n\t\t\t\t\t<h2 class=\"elementor-heading-title elementor-size-default\">Safetrust + Guardian\nOffres d'int\u00e9gration...<\/h2>\t\t\t\t<\/div>\n\t\t\t\t<\/div>\n\t\t\t\t\t<\/div>\n\t\t\t\t<\/div>\n\t\t<div data-particle_enable=\"false\" data-particle-mobile-disabled=\"false\" class=\"elementor-element elementor-element-b5250a9 e-flex e-con-boxed e-con e-child\" data-id=\"b5250a9\" data-element_type=\"container\" data-e-type=\"container\">\n\t\t\t\t\t<div class=\"e-con-inner\">\n\t\t\t\t<div class=\"elementor-element elementor-element-32491b4d elementor-widget elementor-widget-text-editor\" data-id=\"32491b4d\" data-element_type=\"widget\" data-e-type=\"widget\" data-widget_type=\"text-editor.default\">\n\t\t\t\t<div class=\"elementor-widget-container\">\n\t\t\t\t\t\t\t\t\t<ul><li>Soutien total aux lecteurs de Safetrust<\/li><li>Automatisation compl\u00e8te avec acc\u00e8s bas\u00e9 sur les r\u00f4les<\/li><li>Gestion de l'acc\u00e8s et audit pour les travailleurs temporaires<\/li><li>Portail libre-service pour les utilisateurs finaux<\/li><li>Flux de travail configurables pour l'acc\u00e8s aux sites critiques\u00a0<\/li><li>Contr\u00f4les d'acc\u00e8s et recertification automatis\u00e9s<\/li><li>D\u00e9tection d'anomalies et rapports sur les identifiants NFC aliment\u00e9s par l'IA<\/li><li>Int\u00e9gration pr\u00eate \u00e0 l'emploi avec plusieurs syst\u00e8mes de contr\u00f4le d'acc\u00e8s physique<\/li><\/ul>\t\t\t\t\t\t\t\t<\/div>\n\t\t\t\t<\/div>\n\t\t\t\t\t<\/div>\n\t\t\t\t<\/div>\n\t\t\t\t\t<\/div>\n\t\t\t\t<\/div>\n\t\t<div data-particle_enable=\"false\" data-particle-mobile-disabled=\"false\" class=\"elementor-element elementor-element-8ed58d9 e-flex e-con-boxed e-con e-parent\" data-id=\"8ed58d9\" data-element_type=\"container\" data-e-type=\"container\">\n\t\t\t\t\t<div class=\"e-con-inner\">\n\t\t<div data-particle_enable=\"false\" data-particle-mobile-disabled=\"false\" class=\"elementor-element elementor-element-52257cc9 e-flex e-con-boxed e-con e-child\" data-id=\"52257cc9\" data-element_type=\"container\" data-e-type=\"container\" data-settings=\"{&quot;background_background&quot;:&quot;classic&quot;}\">\n\t\t\t\t\t<div class=\"e-con-inner\">\n\t\t<div data-particle_enable=\"false\" data-particle-mobile-disabled=\"false\" class=\"elementor-element elementor-element-3dce6529 e-grid e-con-boxed e-con e-child\" data-id=\"3dce6529\" data-element_type=\"container\" data-e-type=\"container\">\n\t\t\t\t\t<div class=\"e-con-inner\">\n\t\t\t\t<div class=\"elementor-element elementor-element-26b8eb73 elementor-widget elementor-widget-image\" data-id=\"26b8eb73\" data-element_type=\"widget\" data-e-type=\"widget\" data-widget_type=\"image.default\">\n\t\t\t\t<div class=\"elementor-widget-container\">\n\t\t\t\t\t\t\t\t\t\t\t\t\t\t\t<img fetchpriority=\"high\" decoding=\"async\" width=\"1013\" height=\"599\" src=\"https:\/\/fr.alertenterprise.com\/wp-content\/uploads\/sites\/2\/2024\/04\/banner-imgV2.png\" class=\"attachment-full size-full wp-image-23005\" alt=\"\" srcset=\"https:\/\/fr.alertenterprise.com\/wp-content\/uploads\/sites\/2\/2024\/04\/banner-imgV2.png 1013w, https:\/\/fr.alertenterprise.com\/wp-content\/uploads\/sites\/2\/2024\/04\/banner-imgV2-300x177.png 300w, https:\/\/fr.alertenterprise.com\/wp-content\/uploads\/sites\/2\/2024\/04\/banner-imgV2-768x454.png 768w, https:\/\/fr.alertenterprise.com\/wp-content\/uploads\/sites\/2\/2024\/04\/banner-imgV2-18x12.png 18w\" sizes=\"(max-width: 1013px) 100vw, 1013px\" \/>\t\t\t\t\t\t\t\t\t\t\t\t\t\t\t<\/div>\n\t\t\t\t<\/div>\n\t\t<div data-particle_enable=\"false\" data-particle-mobile-disabled=\"false\" class=\"elementor-element elementor-element-4f8c202e e-flex e-con-boxed e-con e-child\" data-id=\"4f8c202e\" data-element_type=\"container\" data-e-type=\"container\">\n\t\t\t\t\t<div class=\"e-con-inner\">\n\t\t\t\t<div class=\"elementor-element elementor-element-67267e6a elementor-widget elementor-widget-heading\" data-id=\"67267e6a\" data-element_type=\"widget\" data-e-type=\"widget\" data-widget_type=\"heading.default\">\n\t\t\t\t<div class=\"elementor-widget-container\">\n\t\t\t\t\t<h2 class=\"elementor-heading-title elementor-size-default\">Ouvrez des portes avec le portefeuille NFC\nR\u00e9f\u00e9rences mobiles<\/h2>\t\t\t\t<\/div>\n\t\t\t\t<\/div>\n\t\t\t\t<div class=\"elementor-element elementor-element-f70c527 elementor-widget elementor-widget-text-editor\" data-id=\"f70c527\" data-element_type=\"widget\" data-e-type=\"widget\" data-widget_type=\"text-editor.default\">\n\t\t\t\t<div class=\"elementor-widget-container\">\n\t\t\t\t\t\t\t\t\tD\u00e9couvrez comment les justificatifs mobiles NFC Wallet peuvent rationaliser le contr\u00f4le d'acc\u00e8s de votre entreprise. Vous \u00eates pr\u00eat ?\t\t\t\t\t\t\t\t<\/div>\n\t\t\t\t<\/div>\n\t\t\t\t<div class=\"elementor-element elementor-element-7c17325f elementor-widget elementor-widget-button\" data-id=\"7c17325f\" data-element_type=\"widget\" data-e-type=\"widget\" data-widget_type=\"button.default\">\n\t\t\t\t<div class=\"elementor-widget-container\">\n\t\t\t\t\t\t\t\t\t<div class=\"elementor-button-wrapper\">\n\t\t\t\t\t<a class=\"elementor-button elementor-button-link elementor-size-sm\" href=\"\/fr\/contact\/\">\n\t\t\t\t\t\t<span class=\"elementor-button-content-wrapper\">\n\t\t\t\t\t\t\t\t\t<span class=\"elementor-button-text\">R\u00e9server une d\u00e9monstration<\/span>\n\t\t\t\t\t<\/span>\n\t\t\t\t\t<\/a>\n\t\t\t\t<\/div>\n\t\t\t\t\t\t\t\t<\/div>\n\t\t\t\t<\/div>\n\t\t\t\t\t<\/div>\n\t\t\t\t<\/div>\n\t\t\t\t\t<\/div>\n\t\t\t\t<\/div>\n\t\t\t\t\t<\/div>\n\t\t\t\t<\/div>\n\t\t\t\t\t<\/div>\n\t\t\t\t<\/div>\n\t\t\t\t<\/div>","protected":false},"excerpt":{"rendered":"<p>Le d\u00e9ploiement de badges pour les employ\u00e9s n'a jamais \u00e9t\u00e9 aussi simple. Notre int\u00e9gration transparente \u00e0 Apple et Google Wallet rend le d\u00e9ploiement des badges d'employ\u00e9s plus facile que jamais. L'ajout de votre badge au portefeuille de votre choix est simple et permet aux utilisateurs d'acc\u00e9der aux portes, aux impressions s\u00e9curis\u00e9es, aux distributeurs automatiques et \u00e0 d'autres installations. En savoir plus G\u00e9rer de mani\u00e8re transparente les cycles de vie des justificatifs dans le nuage. Nous [...]<\/p>","protected":false},"author":11,"featured_media":0,"parent":14686,"menu_order":0,"comment_status":"closed","ping_status":"closed","template":"","meta":{"_acf_changed":false,"footnotes":""},"class_list":["post-22996","page","type-page","status-publish","hentry"],"acf":[],"yoast_head":"<!-- This site is optimized with the Yoast SEO plugin v27.3 - https:\/\/yoast.com\/product\/yoast-seo-wordpress\/ -->\n<title>Safetrust - Alert Enterprise-fr<\/title>\n<meta name=\"description\" content=\"D\u00e9couvrez comment Alert Enterprise et Safetrust collaborent pour fournir des solutions d&#039;acc\u00e8s et d&#039;identit\u00e9 s\u00e9curis\u00e9es et fluides.\" \/>\n<meta name=\"robots\" content=\"index, follow, max-snippet:-1, max-image-preview:large, max-video-preview:-1\" \/>\n<link rel=\"canonical\" href=\"https:\/\/fr.alertenterprise.com\/fr\/partners\/safetrust\/\" \/>\n<meta property=\"og:locale\" content=\"fr_FR\" \/>\n<meta property=\"og:type\" content=\"article\" \/>\n<meta property=\"og:title\" content=\"Safetrust - Alert Enterprise-fr\" \/>\n<meta property=\"og:description\" content=\"D\u00e9couvrez comment Alert Enterprise et Safetrust collaborent pour fournir des solutions d&#039;acc\u00e8s et d&#039;identit\u00e9 s\u00e9curis\u00e9es et fluides.\" \/>\n<meta property=\"og:url\" content=\"https:\/\/fr.alertenterprise.com\/fr\/partners\/safetrust\/\" \/>\n<meta property=\"og:site_name\" content=\"Alert Enterprise-fr\" \/>\n<meta property=\"article:modified_time\" content=\"2025-02-28T15:37:52+00:00\" \/>\n<meta property=\"og:image\" content=\"https:\/\/fr.alertenterprise.com\/wp-content\/uploads\/sites\/2\/2024\/04\/banner-imgV2.png\" \/>\n<meta name=\"twitter:card\" content=\"summary_large_image\" \/>\n<meta name=\"twitter:label1\" content=\"Dur\u00e9e de lecture estim\u00e9e\" \/>\n\t<meta name=\"twitter:data1\" content=\"2 minutes\" \/>\n<script type=\"application\/ld+json\" class=\"yoast-schema-graph\">{\"@context\":\"https:\\\/\\\/schema.org\",\"@graph\":[{\"@type\":\"WebPage\",\"@id\":\"https:\\\/\\\/fr.alertenterprise.com\\\/en\\\/partners\\\/safetrust\\\/\",\"url\":\"https:\\\/\\\/fr.alertenterprise.com\\\/en\\\/partners\\\/safetrust\\\/\",\"name\":\"Safetrust - Alert Enterprise-fr\",\"isPartOf\":{\"@id\":\"https:\\\/\\\/fr.alertenterprise.com\\\/fr\\\/#website\"},\"primaryImageOfPage\":{\"@id\":\"https:\\\/\\\/fr.alertenterprise.com\\\/en\\\/partners\\\/safetrust\\\/#primaryimage\"},\"image\":{\"@id\":\"https:\\\/\\\/fr.alertenterprise.com\\\/en\\\/partners\\\/safetrust\\\/#primaryimage\"},\"thumbnailUrl\":\"https:\\\/\\\/fr.alertenterprise.com\\\/wp-content\\\/uploads\\\/sites\\\/2\\\/2024\\\/04\\\/banner-imgV2.png\",\"datePublished\":\"2024-04-15T15:39:50+00:00\",\"dateModified\":\"2025-02-28T15:37:52+00:00\",\"description\":\"D\u00e9couvrez comment Alert Enterprise et Safetrust collaborent pour fournir des solutions d'acc\u00e8s et d'identit\u00e9 s\u00e9curis\u00e9es et fluides.\",\"breadcrumb\":{\"@id\":\"https:\\\/\\\/fr.alertenterprise.com\\\/en\\\/partners\\\/safetrust\\\/#breadcrumb\"},\"inLanguage\":\"fr-FR\",\"potentialAction\":[{\"@type\":\"ReadAction\",\"target\":[\"https:\\\/\\\/fr.alertenterprise.com\\\/en\\\/partners\\\/safetrust\\\/\"]}]},{\"@type\":\"ImageObject\",\"inLanguage\":\"fr-FR\",\"@id\":\"https:\\\/\\\/fr.alertenterprise.com\\\/en\\\/partners\\\/safetrust\\\/#primaryimage\",\"url\":\"https:\\\/\\\/fr.alertenterprise.com\\\/wp-content\\\/uploads\\\/sites\\\/2\\\/2024\\\/04\\\/banner-imgV2.png\",\"contentUrl\":\"https:\\\/\\\/fr.alertenterprise.com\\\/wp-content\\\/uploads\\\/sites\\\/2\\\/2024\\\/04\\\/banner-imgV2.png\"},{\"@type\":\"BreadcrumbList\",\"@id\":\"https:\\\/\\\/fr.alertenterprise.com\\\/en\\\/partners\\\/safetrust\\\/#breadcrumb\",\"itemListElement\":[{\"@type\":\"ListItem\",\"position\":1,\"name\":\"Home\",\"item\":\"https:\\\/\\\/fr.alertenterprise.com\\\/fr\\\/\"},{\"@type\":\"ListItem\",\"position\":2,\"name\":\"Partenaires\",\"item\":\"https:\\\/\\\/fr.alertenterprise.com\\\/fr\\\/partners\\\/\"},{\"@type\":\"ListItem\",\"position\":3,\"name\":\"Safetrust\"}]},{\"@type\":\"WebSite\",\"@id\":\"https:\\\/\\\/fr.alertenterprise.com\\\/fr\\\/#website\",\"url\":\"https:\\\/\\\/fr.alertenterprise.com\\\/fr\\\/\",\"name\":\"Alert Enterprise - French\",\"description\":\"\",\"publisher\":{\"@id\":\"https:\\\/\\\/fr.alertenterprise.com\\\/fr\\\/#organization\"},\"potentialAction\":[{\"@type\":\"SearchAction\",\"target\":{\"@type\":\"EntryPoint\",\"urlTemplate\":\"https:\\\/\\\/fr.alertenterprise.com\\\/fr\\\/?s={search_term_string}\"},\"query-input\":{\"@type\":\"PropertyValueSpecification\",\"valueRequired\":true,\"valueName\":\"search_term_string\"}}],\"inLanguage\":\"fr-FR\"},{\"@type\":\"Organization\",\"@id\":\"https:\\\/\\\/fr.alertenterprise.com\\\/fr\\\/#organization\",\"name\":\"Alert Enterprise - French\",\"url\":\"https:\\\/\\\/fr.alertenterprise.com\\\/fr\\\/\",\"logo\":{\"@type\":\"ImageObject\",\"inLanguage\":\"fr-FR\",\"@id\":\"https:\\\/\\\/fr.alertenterprise.com\\\/fr\\\/#\\\/schema\\\/logo\\\/image\\\/\",\"url\":\"https:\\\/\\\/fr.alertenterprise.com\\\/wp-content\\\/uploads\\\/sites\\\/2\\\/2023\\\/09\\\/AE_Logo_Black.svg\",\"contentUrl\":\"https:\\\/\\\/fr.alertenterprise.com\\\/wp-content\\\/uploads\\\/sites\\\/2\\\/2023\\\/09\\\/AE_Logo_Black.svg\",\"width\":1,\"height\":1,\"caption\":\"Alert Enterprise - French\"},\"image\":{\"@id\":\"https:\\\/\\\/fr.alertenterprise.com\\\/fr\\\/#\\\/schema\\\/logo\\\/image\\\/\"}}]}<\/script>\n<!-- \/ Yoast SEO plugin. -->","yoast_head_json":{"title":"Safetrust - Alert Enterprise-fr","description":"D\u00e9couvrez comment Alert Enterprise et Safetrust collaborent pour fournir des solutions d'acc\u00e8s et d'identit\u00e9 s\u00e9curis\u00e9es et fluides.","robots":{"index":"index","follow":"follow","max-snippet":"max-snippet:-1","max-image-preview":"max-image-preview:large","max-video-preview":"max-video-preview:-1"},"canonical":"https:\/\/fr.alertenterprise.com\/fr\/partners\/safetrust\/","og_locale":"fr_FR","og_type":"article","og_title":"Safetrust - Alert Enterprise-fr","og_description":"D\u00e9couvrez comment Alert Enterprise et Safetrust collaborent pour fournir des solutions d'acc\u00e8s et d'identit\u00e9 s\u00e9curis\u00e9es et fluides.","og_url":"https:\/\/fr.alertenterprise.com\/fr\/partners\/safetrust\/","og_site_name":"Alert Enterprise-fr","article_modified_time":"2025-02-28T15:37:52+00:00","og_image":[{"url":"https:\/\/fr.alertenterprise.com\/wp-content\/uploads\/sites\/2\/2024\/04\/banner-imgV2.png","type":"","width":"","height":""}],"twitter_card":"summary_large_image","twitter_misc":{"Dur\u00e9e de lecture estim\u00e9e":"2 minutes"},"schema":{"@context":"https:\/\/schema.org","@graph":[{"@type":"WebPage","@id":"https:\/\/fr.alertenterprise.com\/en\/partners\/safetrust\/","url":"https:\/\/fr.alertenterprise.com\/en\/partners\/safetrust\/","name":"Safetrust - Alert Enterprise-fr","isPartOf":{"@id":"https:\/\/fr.alertenterprise.com\/fr\/#website"},"primaryImageOfPage":{"@id":"https:\/\/fr.alertenterprise.com\/en\/partners\/safetrust\/#primaryimage"},"image":{"@id":"https:\/\/fr.alertenterprise.com\/en\/partners\/safetrust\/#primaryimage"},"thumbnailUrl":"https:\/\/fr.alertenterprise.com\/wp-content\/uploads\/sites\/2\/2024\/04\/banner-imgV2.png","datePublished":"2024-04-15T15:39:50+00:00","dateModified":"2025-02-28T15:37:52+00:00","description":"D\u00e9couvrez comment Alert Enterprise et Safetrust collaborent pour fournir des solutions d'acc\u00e8s et d'identit\u00e9 s\u00e9curis\u00e9es et fluides.","breadcrumb":{"@id":"https:\/\/fr.alertenterprise.com\/en\/partners\/safetrust\/#breadcrumb"},"inLanguage":"fr-FR","potentialAction":[{"@type":"ReadAction","target":["https:\/\/fr.alertenterprise.com\/en\/partners\/safetrust\/"]}]},{"@type":"ImageObject","inLanguage":"fr-FR","@id":"https:\/\/fr.alertenterprise.com\/en\/partners\/safetrust\/#primaryimage","url":"https:\/\/fr.alertenterprise.com\/wp-content\/uploads\/sites\/2\/2024\/04\/banner-imgV2.png","contentUrl":"https:\/\/fr.alertenterprise.com\/wp-content\/uploads\/sites\/2\/2024\/04\/banner-imgV2.png"},{"@type":"BreadcrumbList","@id":"https:\/\/fr.alertenterprise.com\/en\/partners\/safetrust\/#breadcrumb","itemListElement":[{"@type":"ListItem","position":1,"name":"Home","item":"https:\/\/fr.alertenterprise.com\/fr\/"},{"@type":"ListItem","position":2,"name":"Partenaires","item":"https:\/\/fr.alertenterprise.com\/fr\/partners\/"},{"@type":"ListItem","position":3,"name":"Safetrust"}]},{"@type":"WebSite","@id":"https:\/\/fr.alertenterprise.com\/fr\/#website","url":"https:\/\/fr.alertenterprise.com\/fr\/","name":"Alert Enterprise - Fran\u00e7ais","description":"","publisher":{"@id":"https:\/\/fr.alertenterprise.com\/fr\/#organization"},"potentialAction":[{"@type":"SearchAction","target":{"@type":"EntryPoint","urlTemplate":"https:\/\/fr.alertenterprise.com\/fr\/?s={search_term_string}"},"query-input":{"@type":"PropertyValueSpecification","valueRequired":true,"valueName":"search_term_string"}}],"inLanguage":"fr-FR"},{"@type":"Organization","@id":"https:\/\/fr.alertenterprise.com\/fr\/#organization","name":"Alert Enterprise - Fran\u00e7ais","url":"https:\/\/fr.alertenterprise.com\/fr\/","logo":{"@type":"ImageObject","inLanguage":"fr-FR","@id":"https:\/\/fr.alertenterprise.com\/fr\/#\/schema\/logo\/image\/","url":"https:\/\/fr.alertenterprise.com\/wp-content\/uploads\/sites\/2\/2023\/09\/AE_Logo_Black.svg","contentUrl":"https:\/\/fr.alertenterprise.com\/wp-content\/uploads\/sites\/2\/2023\/09\/AE_Logo_Black.svg","width":1,"height":1,"caption":"Alert Enterprise - French"},"image":{"@id":"https:\/\/fr.alertenterprise.com\/fr\/#\/schema\/logo\/image\/"}}]}},"_links":{"self":[{"href":"https:\/\/fr.alertenterprise.com\/fr\/wp-json\/wp\/v2\/pages\/22996","targetHints":{"allow":["GET"]}}],"collection":[{"href":"https:\/\/fr.alertenterprise.com\/fr\/wp-json\/wp\/v2\/pages"}],"about":[{"href":"https:\/\/fr.alertenterprise.com\/fr\/wp-json\/wp\/v2\/types\/page"}],"author":[{"embeddable":true,"href":"https:\/\/fr.alertenterprise.com\/fr\/wp-json\/wp\/v2\/users\/11"}],"replies":[{"embeddable":true,"href":"https:\/\/fr.alertenterprise.com\/fr\/wp-json\/wp\/v2\/comments?post=22996"}],"version-history":[{"count":5,"href":"https:\/\/fr.alertenterprise.com\/fr\/wp-json\/wp\/v2\/pages\/22996\/revisions"}],"predecessor-version":[{"id":23029,"href":"https:\/\/fr.alertenterprise.com\/fr\/wp-json\/wp\/v2\/pages\/22996\/revisions\/23029"}],"up":[{"embeddable":true,"href":"https:\/\/fr.alertenterprise.com\/fr\/wp-json\/wp\/v2\/pages\/14686"}],"wp:attachment":[{"href":"https:\/\/fr.alertenterprise.com\/fr\/wp-json\/wp\/v2\/media?parent=22996"}],"curies":[{"name":"wp","href":"https:\/\/api.w.org\/{rel}","templated":true}]}}